{"id":312,"date":"2020-01-23T18:21:52","date_gmt":"2020-01-23T18:21:52","guid":{"rendered":"https:\/\/demosites.io\/web-agency-gb\/?page_id=61"},"modified":"2022-11-01T14:31:22","modified_gmt":"2022-11-01T14:31:22","slug":"15c42-web-agency-gb-about-us","status":"publish","type":"page","link":"https:\/\/dev1.lamaisonkangourou.org\/index.php\/15c42-web-agency-gb-about-us\/","title":{"rendered":"\u00c0 propos"},"content":{"rendered":"\n<div class=\"wp-block-cover alignfull is-light\" style=\"min-height:109px;aspect-ratio:unset;\"><span aria-hidden=\"true\" class=\"wp-block-cover__background has-background-dim-100 has-background-dim\" style=\"background-color:#5b8dbb\"><\/span><div class=\"wp-block-cover__inner-container is-layout-flow wp-block-cover-is-layout-flow\">\n<p class=\"has-text-align-center has-nv-site-bg-color has-text-color has-large-font-size\">\u00c0 propos<\/p>\n\n\n\n<figure class=\"wp-block-image alignfull size-full\"><img loading=\"lazy\" decoding=\"async\" width=\"1920\" height=\"131\" src=\"https:\/\/dev1.lamaisonkangourou.org\/wp-content\/uploads\/2022\/11\/cloud-top.png\" alt=\"\" class=\"wp-image-679\" srcset=\"https:\/\/dev1.lamaisonkangourou.org\/wp-content\/uploads\/2022\/11\/cloud-top.png 1920w, https:\/\/dev1.lamaisonkangourou.org\/wp-content\/uploads\/2022\/11\/cloud-top-300x20.png 300w, https:\/\/dev1.lamaisonkangourou.org\/wp-content\/uploads\/2022\/11\/cloud-top-1024x70.png 1024w, https:\/\/dev1.lamaisonkangourou.org\/wp-content\/uploads\/2022\/11\/cloud-top-768x52.png 768w, https:\/\/dev1.lamaisonkangourou.org\/wp-content\/uploads\/2022\/11\/cloud-top-1536x105.png 1536w\" sizes=\"auto, (max-width: 1920px) 100vw, 1920px\" \/><\/figure>\n<\/div><\/div>\n\n\n\n<div class=\"wp-block-cover alignfull\" style=\"min-height:600px;aspect-ratio:unset;\"><span aria-hidden=\"true\" class=\"wp-block-cover__background has-nv-light-bg-background-color has-background-dim-100 has-background-dim\"><\/span><div class=\"wp-block-cover__inner-container is-layout-flow wp-block-cover-is-layout-flow\">\n<div class=\"wp-block-group\"><div class=\"wp-block-group__inner-container is-layout-flow wp-block-group-is-layout-flow\">\n<div style=\"height:80px\" aria-hidden=\"true\" class=\"wp-block-spacer\"><\/div>\n\n\n\n<div class=\"wp-block-columns are-vertically-aligned-center is-layout-flex wp-container-core-columns-is-layout-9d6595d7 wp-block-columns-is-layout-flex\">\n<div class=\"wp-block-column is-vertically-aligned-center is-layout-flow wp-block-column-is-layout-flow\" style=\"flex-basis:50%\">\n<figure class=\"wp-block-image size-full is-resized\"><img loading=\"lazy\" decoding=\"async\" src=\"https:\/\/dev1.lamaisonkangourou.org\/wp-content\/uploads\/2022\/10\/262.jpg\" alt=\"\" class=\"wp-image-580\" width=\"550\" height=\"550\" srcset=\"https:\/\/dev1.lamaisonkangourou.org\/wp-content\/uploads\/2022\/10\/262.jpg 667w, https:\/\/dev1.lamaisonkangourou.org\/wp-content\/uploads\/2022\/10\/262-300x300.jpg 300w, https:\/\/dev1.lamaisonkangourou.org\/wp-content\/uploads\/2022\/10\/262-150x150.jpg 150w\" sizes=\"auto, (max-width: 550px) 100vw, 550px\" \/><\/figure>\n<\/div>\n\n\n\n<div class=\"wp-block-column is-vertically-aligned-center is-layout-flow wp-block-column-is-layout-flow\" style=\"flex-basis:50%\">\n<h3 class=\"has-neve-text-color-color has-text-color wp-block-heading\">\u00c0 propos de la Maison Kangourou<\/h3>\n\n\n\n<p class=\"has-neve-text-color-color has-text-color\">Fond\u00e9e en 2011, la Maison Kangourou est le premier centre d\u2019urgence et de premi\u00e8re ligne au Qu\u00e9bec qui offre des services d\u2019aide d\u2019urgence aux familles et leurs enfants 24\/7.<\/p>\n\n\n\n<p class=\"has-neve-text-color-color has-text-color\">Situ\u00e9 sur l\u2019\u00eele de Montr\u00e9al, notre organisme est aujourd\u2019hui sp\u00e9cialis\u00e9 aupr\u00e8s des familles qui vivent une situation d\u2019urgence familiale comme un divorce ou une s\u00e9paration, de l\u2019\u00e9puisement, une maladie grave, la perte d\u2019un \u00eatre cher, une convocation \u00e0 l\u2019ext\u00e9rieur dans le cadre d\u2019un emploi, la perte d\u2019emploi, etc. Il s\u2019agit du premier organisme \u00e0 but non lucratif de ce genre au Qu\u00e9bec et au Canada.<\/p>\n\n\n\n<p class=\"has-neve-text-color-color has-text-color\">Notre&nbsp;<strong>objectif<\/strong>&nbsp;est d\u2019\u00e9viter aux enfants de vivre ces situations stressantes et de soutenir les familles qui doivent faire face \u00e0 des d\u00e9fis inattendus. Notre approche chaleureuse se base sur des valeurs humaines et est orient\u00e9e vers l\u2019entraide communautaire.<\/p>\n<\/div>\n<\/div>\n\n\n\n<div style=\"height:40px\" aria-hidden=\"true\" class=\"wp-block-spacer\"><\/div>\n<\/div><\/div>\n<\/div><\/div>\n\n\n\n<div class=\"wp-block-cover alignfull\" style=\"min-height:600px;aspect-ratio:unset;\"><span aria-hidden=\"true\" class=\"wp-block-cover__background has-background-dim-100 has-background-dim\" style=\"background-color:#484848\"><\/span><div class=\"wp-block-cover__inner-container is-layout-flow wp-block-cover-is-layout-flow\">\n<div class=\"wp-block-group\"><div class=\"wp-block-group__inner-container is-layout-flow wp-block-group-is-layout-flow\">\n<div style=\"height:80px\" aria-hidden=\"true\" class=\"wp-block-spacer\"><\/div>\n\n\n\n<div class=\"wp-block-columns are-vertically-aligned-center is-layout-flex wp-container-core-columns-is-layout-9d6595d7 wp-block-columns-is-layout-flex\">\n<div class=\"wp-block-column is-vertically-aligned-center is-layout-flow wp-block-column-is-layout-flow\" style=\"flex-basis:50%\">\n<h3 class=\"has-nv-text-dark-bg-color has-text-color wp-block-heading\">Notre Mission<\/h3>\n\n\n\n<p><strong>La mission<\/strong>&nbsp;<strong>de l\u2019organisme<\/strong>&nbsp;est d\u2019offrir des services d\u2019urgence et de premi\u00e8re ligne aux enfants dont les parents vivent des probl\u00e9matiques temporaires tout en soutenant les parents en les r\u00e9f\u00e9rant \u00e0 des organismes susceptibles de les aider.<\/p>\n\n\n\n<p>La finalit\u00e9 sociale de La Maison Kangourou est d\u2019offrir un lieu destin\u00e9 \u00e0 fournir des services orient\u00e9s vers l\u2019am\u00e9lioration de l\u2019\u00e9tat de sant\u00e9 et du bien-\u00eatre de l\u2019ensemble de la population familiale confront\u00e9e \u00e0 des probl\u00e9matiques ou \u00e0 de la d\u00e9tresse passag\u00e8re.<\/p>\n\n\n\n<div style=\"height:20px\" aria-hidden=\"true\" class=\"wp-block-spacer\"><\/div>\n\n\n\n<div style=\"height:20px\" aria-hidden=\"true\" class=\"wp-block-spacer\"><\/div>\n<\/div>\n\n\n\n<div class=\"wp-block-column is-vertically-aligned-center is-layout-flow wp-block-column-is-layout-flow\" style=\"flex-basis:50%\">\n<figure class=\"wp-block-image size-full\"><img loading=\"lazy\" decoding=\"async\" width=\"531\" height=\"531\" src=\"https:\/\/dev1.lamaisonkangourou.org\/wp-content\/uploads\/2022\/10\/enfants-automne.jpg\" alt=\"\" class=\"wp-image-581\" srcset=\"https:\/\/dev1.lamaisonkangourou.org\/wp-content\/uploads\/2022\/10\/enfants-automne.jpg 531w, https:\/\/dev1.lamaisonkangourou.org\/wp-content\/uploads\/2022\/10\/enfants-automne-300x300.jpg 300w, https:\/\/dev1.lamaisonkangourou.org\/wp-content\/uploads\/2022\/10\/enfants-automne-150x150.jpg 150w\" sizes=\"auto, (max-width: 531px) 100vw, 531px\" \/><\/figure>\n<\/div>\n<\/div>\n\n\n\n<div style=\"height:40px\" aria-hidden=\"true\" class=\"wp-block-spacer\"><\/div>\n<\/div><\/div>\n<\/div><\/div>\n\n\n\n<div class=\"wp-block-cover alignfull\" style=\"min-height:600px;aspect-ratio:unset;\"><span aria-hidden=\"true\" class=\"wp-block-cover__background has-nv-light-bg-background-color has-background-dim-100 has-background-dim\"><\/span><div class=\"wp-block-cover__inner-container is-layout-flow wp-block-cover-is-layout-flow\">\n<div class=\"wp-block-group\"><div class=\"wp-block-group__inner-container is-layout-flow wp-block-group-is-layout-flow\">\n<div style=\"height:80px\" aria-hidden=\"true\" class=\"wp-block-spacer\"><\/div>\n\n\n\n<div class=\"wp-block-columns are-vertically-aligned-center is-layout-flex wp-container-core-columns-is-layout-9d6595d7 wp-block-columns-is-layout-flex\">\n<div class=\"wp-block-column is-vertically-aligned-center is-layout-flow wp-block-column-is-layout-flow\" style=\"flex-basis:50%\">\n<figure class=\"wp-block-image size-full is-resized\"><img loading=\"lazy\" decoding=\"async\" src=\"https:\/\/dev1.lamaisonkangourou.org\/wp-content\/uploads\/2022\/10\/little-girl-playing-1.jpg\" alt=\"\" class=\"wp-image-586\" width=\"500\" height=\"500\" srcset=\"https:\/\/dev1.lamaisonkangourou.org\/wp-content\/uploads\/2022\/10\/little-girl-playing-1.jpg 400w, https:\/\/dev1.lamaisonkangourou.org\/wp-content\/uploads\/2022\/10\/little-girl-playing-1-300x300.jpg 300w, https:\/\/dev1.lamaisonkangourou.org\/wp-content\/uploads\/2022\/10\/little-girl-playing-1-150x150.jpg 150w\" sizes=\"auto, (max-width: 500px) 100vw, 500px\" \/><\/figure>\n\n\n\n<figure class=\"wp-block-image size-full is-resized\"><img loading=\"lazy\" decoding=\"async\" src=\"https:\/\/dev1.lamaisonkangourou.org\/wp-content\/uploads\/2022\/10\/19-3.jpg\" alt=\"\" class=\"wp-image-587\" width=\"500\" height=\"500\"\/><\/figure>\n<\/div>\n\n\n\n<div class=\"wp-block-column is-vertically-aligned-center is-layout-flow wp-block-column-is-layout-flow\" style=\"flex-basis:50%\">\n<h3 class=\"has-neve-text-color-color has-text-color wp-block-heading\">\u00c0 propos de la Maison Kangourou<\/h3>\n\n\n\n<p class=\"has-neve-text-color-color has-text-color\">La Maison Kangourou offre des services d\u2019\u00e9coute et de r\u00e9f\u00e9rencement et de l\u2019aide \u00e0 travers ses diff\u00e9rents fonds d\u2019urgence tout en dirigeant les parents vers des organismes susceptibles de les aider \u00e0 plus long terme. Notre objectif social est l\u2019am\u00e9lioration du bien-\u00eatre et de la sant\u00e9 familiale.<\/p>\n\n\n\n<p class=\"has-neve-text-color-color has-text-color\">De plus, nous travaillons \u00e0 la relocalisation d\u2019une toute nouvelle Maison Kangourou pour l\u2019h\u00e9bergement des enfants, car nous avons subi un grave d\u00e9g\u00e2t d\u2019eau en 2018. Bien que nous ne puissions pas recevoir d\u2019enfants pour le moment, nos&nbsp;<a href=\"https:\/\/lamaisonkangourou.org\/fr_nos-services\/\">diff\u00e9rents fonds d\u2019urgence<\/a>&nbsp;nous permettent tout de m\u00eame de r\u00e9pondre aux besoins des familles. Toute personne ayant un ou des enfants de 0 \u00e0 12 ans \u00e0 leur charge peut b\u00e9n\u00e9ficier de nos services 24 h sur 24, 7 jours par semaine.<\/p>\n\n\n\n<p class=\"has-neve-text-color-color has-text-color\">La pand\u00e9mie que nous traversons actuellement nous rappelle l\u2019importance d\u2019avoir une Maison Kangourou pour recevoir les enfants 24\/7 lorsque les parents vivent des situations d\u2019urgence familiale. Nos familles traversent tout au cours de l\u2019ann\u00e9e diff\u00e9rentes probl\u00e9matiques familiales et ont besoin d\u2019un endroit o\u00f9 confier en toute s\u00e9curit\u00e9 leurs petits kangourous, leur permettant ainsi de r\u00e9gler ou d\u2019att\u00e9nuer leur probl\u00e9matique familiale afin de reprendre la route apr\u00e8s qu\u2019ils aient travers\u00e9 les grandes temp\u00eates de la vie.<\/p>\n\n\n\n<p class=\"has-neve-text-color-color has-text-color\">Nous travaillons tr\u00e8s fort pour ouvrir une toute nouvelle Maison Kangourou au go\u00fbt du jour pour tous les petits kangourous, comme nous avons fait avec brio depuis 2011.&nbsp;\u00c0 long terme, nous souhaitons ouvrir une maison dans chacune des 17 r\u00e9gions administratives du Qu\u00e9bec. En attendant, nous vous annon\u00e7ons que La Maison Kangourou deviendra nouvellement mobile au cours de l\u2019ann\u00e9e 2020 pour aller rencontrer les familles dans le but de leur venir en aide \u00e0 travers nos nouveaux fonds d\u2019urgence 2020.<\/p>\n<\/div>\n<\/div>\n\n\n\n<div style=\"height:40px\" aria-hidden=\"true\" class=\"wp-block-spacer\"><\/div>\n<\/div><\/div>\n<\/div><\/div>\n\n\n\n<div class=\"wp-block-cover alignfull\" style=\"min-height:600px;aspect-ratio:unset;\"><span aria-hidden=\"true\" class=\"wp-block-cover__background has-background-dim-100 has-background-dim\" style=\"background-color:#484848\"><\/span><div class=\"wp-block-cover__inner-container is-layout-flow wp-block-cover-is-layout-flow\">\n<div class=\"wp-block-group\"><div class=\"wp-block-group__inner-container is-layout-flow wp-block-group-is-layout-flow\">\n<div style=\"height:80px\" aria-hidden=\"true\" class=\"wp-block-spacer\"><\/div>\n\n\n\n<div class=\"wp-block-columns are-vertically-aligned-center is-layout-flex wp-container-core-columns-is-layout-9d6595d7 wp-block-columns-is-layout-flex\">\n<div class=\"wp-block-column is-vertically-aligned-center is-layout-flow wp-block-column-is-layout-flow\" style=\"flex-basis:50%\">\n<h3 class=\"has-nv-text-dark-bg-color has-text-color wp-block-heading\">Notre \u00e9quipe multidisciplinaire<\/h3>\n\n\n\n<p>Pour accomplir sa mission, La Maison Kangourou compte sur une \u00e9quipe multidisciplinaire compos\u00e9e de professionnels et de b\u00e9n\u00e9voles. Nous travaillons en \u00e9troite collaboration avec les \u00e9tablissements de sant\u00e9, les \u00e9coles, les intervenants sociaux et les b\u00e9n\u00e9ficiaires.<\/p>\n\n\n\n<p>La Maison Kangourou vise \u00e0 \u00e9tablir un lien de confiance avec les familles dans le besoin. Afin d\u2019aider les familles qui vivent une probl\u00e9matique temporaire, l\u2019organisme travaille aussi conjointement avec ses diff\u00e9rents partenaires reconnus dans le milieu, ce qui nous permet d\u2019intervenir en premi\u00e8re ligne aupr\u00e8s d\u2019une client\u00e8le vuln\u00e9rable, que ce soit dans le secteur priv\u00e9 ou public.<\/p>\n\n\n\n<div style=\"height:20px\" aria-hidden=\"true\" class=\"wp-block-spacer\"><\/div>\n\n\n\n<div style=\"height:20px\" aria-hidden=\"true\" class=\"wp-block-spacer\"><\/div>\n<\/div>\n\n\n\n<div class=\"wp-block-column is-vertically-aligned-center is-layout-flow wp-block-column-is-layout-flow\" style=\"flex-basis:50%\">\n<figure class=\"wp-block-image size-full\"><img loading=\"lazy\" decoding=\"async\" width=\"783\" height=\"783\" src=\"https:\/\/dev1.lamaisonkangourou.org\/wp-content\/uploads\/2022\/10\/4kangourous.jpg\" alt=\"\" class=\"wp-image-593\" srcset=\"https:\/\/dev1.lamaisonkangourou.org\/wp-content\/uploads\/2022\/10\/4kangourous.jpg 783w, https:\/\/dev1.lamaisonkangourou.org\/wp-content\/uploads\/2022\/10\/4kangourous-300x300.jpg 300w, https:\/\/dev1.lamaisonkangourou.org\/wp-content\/uploads\/2022\/10\/4kangourous-150x150.jpg 150w, https:\/\/dev1.lamaisonkangourou.org\/wp-content\/uploads\/2022\/10\/4kangourous-768x768.jpg 768w\" sizes=\"auto, (max-width: 783px) 100vw, 783px\" \/><\/figure>\n<\/div>\n<\/div>\n\n\n\n<div style=\"height:40px\" aria-hidden=\"true\" class=\"wp-block-spacer\"><\/div>\n<\/div><\/div>\n<\/div><\/div>\n","protected":false},"excerpt":{"rendered":"","protected":false},"author":1,"featured_media":0,"parent":0,"menu_order":0,"comment_status":"closed","ping_status":"closed","template":"","meta":{"neve_meta_sidebar":"default","neve_meta_container":"default","neve_meta_enable_content_width":"on","neve_meta_content_width":100,"neve_meta_title_alignment":"","neve_meta_author_avatar":"","neve_post_elements_order":"","neve_meta_disable_header":"","neve_meta_disable_footer":"","neve_meta_disable_title":"on","_ti_tpc_template_sync":false,"_ti_tpc_template_id":"0qhau2t6eoekosrgo1a2","footnotes":""},"class_list":["post-312","page","type-page","status-publish","hentry"],"_links":{"self":[{"href":"https:\/\/dev1.lamaisonkangourou.org\/index.php\/wp-json\/wp\/v2\/pages\/312","targetHints":{"allow":["GET"]}}],"collection":[{"href":"https:\/\/dev1.lamaisonkangourou.org\/index.php\/wp-json\/wp\/v2\/pages"}],"about":[{"href":"https:\/\/dev1.lamaisonkangourou.org\/index.php\/wp-json\/wp\/v2\/types\/page"}],"author":[{"embeddable":true,"href":"https:\/\/dev1.lamaisonkangourou.org\/index.php\/wp-json\/wp\/v2\/users\/1"}],"replies":[{"embeddable":true,"href":"https:\/\/dev1.lamaisonkangourou.org\/index.php\/wp-json\/wp\/v2\/comments?post=312"}],"version-history":[{"count":48,"href":"https:\/\/dev1.lamaisonkangourou.org\/index.php\/wp-json\/wp\/v2\/pages\/312\/revisions"}],"predecessor-version":[{"id":683,"href":"https:\/\/dev1.lamaisonkangourou.org\/index.php\/wp-json\/wp\/v2\/pages\/312\/revisions\/683"}],"wp:attachment":[{"href":"https:\/\/dev1.lamaisonkangourou.org\/index.php\/wp-json\/wp\/v2\/media?parent=312"}],"curies":[{"name":"wp","href":"https:\/\/api.w.org\/{rel}","templated":true}]}}